{"id":68,"date":"2023-04-05T07:06:48","date_gmt":"2023-04-05T07:06:48","guid":{"rendered":"https:\/\/elonkirjopuisto.fi\/?page_id=68"},"modified":"2026-01-23T10:33:46","modified_gmt":"2026-01-23T10:33:46","slug":"about","status":"publish","type":"page","link":"https:\/\/elonkirjopuisto.fi\/fi\/","title":{"rendered":"Info"},"content":{"rendered":"<p>[et_pb_section fb_built=&#8221;1&#8243; _builder_version=&#8221;4.20.4&#8243; _module_preset=&#8221;default&#8221; custom_padding=&#8221;||0px|||&#8221; global_colors_info=&#8221;{}&#8221;][et_pb_row _builder_version=&#8221;4.20.4&#8243; _module_preset=&#8221;default&#8221; global_colors_info=&#8221;{}&#8221;][et_pb_column type=&#8221;4_4&#8243; _builder_version=&#8221;4.20.4&#8243; _module_preset=&#8221;default&#8221; global_colors_info=&#8221;{}&#8221;][et_pb_blurb title=&#8221;Elonkirjo Park&#8221; image=&#8221;https:\/\/elonkirjopuisto.fi\/wp-content\/uploads\/2023\/04\/elon_winter.jpg&#8221; _builder_version=&#8221;4.20.4&#8243; _module_preset=&#8221;default&#8221; global_colors_info=&#8221;{}&#8221;]<\/p>\n<p>Lahoavan jalopuun kauneus ja rikkaus. Lajirikas keidas kaupungin keskell\u00e4. Harvinaisten sienten ja kasvien ihmemaa. Turun suurin hy\u00f6nteishotelli. Joutomaan runollinen muutos.<\/p>\n<p>Pys\u00e4hdy, havainnoi, aisti, havahdu, l\u00f6yd\u00e4 yhteys. <br \/><span style=\"font-weight: 400;\">Elonkirjopuisto on avoinna ymp\u00e4ri vuoden ja vierailtavissa vapaasti. Puisto on el\u00e4v\u00e4 ymp\u00e4rist\u00f6taidekokonaisuus, joka tuo n\u00e4kyv\u00e4ksi lahoavan puun ja pieneli\u00f6toiminnan t\u00e4rke\u00e4n roolin monimuotoisen ekosysteemin pohjana ja el\u00e4m\u00e4mme elinehtona. <\/span><\/p>\n<p>[\/et_pb_blurb][\/et_pb_column][\/et_pb_row][et_pb_row _builder_version=&#8221;4.20.4&#8243; _module_preset=&#8221;default&#8221; custom_margin=&#8221;-32px|auto||auto||&#8221; custom_padding=&#8221;||0px|||&#8221; global_colors_info=&#8221;{}&#8221;][et_pb_column type=&#8221;4_4&#8243; _builder_version=&#8221;4.20.4&#8243; _module_preset=&#8221;default&#8221; global_colors_info=&#8221;{}&#8221;][et_pb_text _builder_version=&#8221;4.20.4&#8243; _module_preset=&#8221;default&#8221; custom_padding=&#8221;0px||3px|||&#8221; global_colors_info=&#8221;{}&#8221;]<\/p>\n<p style=\"text-align: center;\"><em><strong><span class=\"Y2IQFc\" lang=\"fi\">rahoittama \/ funded by<\/span><\/strong><\/em><\/p>\n<p>[\/et_pb_text][\/et_pb_column][\/et_pb_row][et_pb_row _builder_version=&#8221;4.20.4&#8243; _module_preset=&#8221;default&#8221; min_height=&#8221;239.4px&#8221; custom_padding=&#8221;1px|||||&#8221; global_colors_info=&#8221;{}&#8221;][et_pb_column type=&#8221;4_4&#8243; _builder_version=&#8221;4.20.4&#8243; _module_preset=&#8221;default&#8221; global_colors_info=&#8221;{}&#8221;][et_pb_blurb image=&#8221;https:\/\/elonkirjopuisto.fi\/wp-content\/uploads\/2024\/10\/Koneen_Saatio_logo_fineng_black-pdf.jpg&#8221; image_icon_width=&#8221;56%&#8221; _builder_version=&#8221;4.20.4&#8243; _module_preset=&#8221;default&#8221; custom_margin=&#8221;||-28px|||&#8221; border_width_all_image=&#8221;5px&#8221; global_colors_info=&#8221;{}&#8221;][\/et_pb_blurb][\/et_pb_column][\/et_pb_row][\/et_pb_section]<\/p>","protected":false},"excerpt":{"rendered":"<p>The beauty and richness of decaying noble wood. Biodiversity hot spot inside a city. A wonderland of rare mushrooms and plants. The four-star insect hotel of Turku. Poetry of wasteland. Slow down, observe, sense, become aware, and connect. Elonkirjo Park is open year round and can be visited freely. The park is a living environmental [&hellip;]<\/p>","protected":false},"author":1,"featured_media":0,"parent":0,"menu_order":0,"comment_status":"closed","ping_status":"closed","template":"","meta":{"_et_pb_use_builder":"on","_et_pb_old_content":"<!-- wp:divi\/placeholder \/-->","_et_gb_content_width":"","footnotes":""},"class_list":["post-68","page","type-page","status-publish","hentry"],"_links":{"self":[{"href":"https:\/\/elonkirjopuisto.fi\/fi\/wp-json\/wp\/v2\/pages\/68","targetHints":{"allow":["GET"]}}],"collection":[{"href":"https:\/\/elonkirjopuisto.fi\/fi\/wp-json\/wp\/v2\/pages"}],"about":[{"href":"https:\/\/elonkirjopuisto.fi\/fi\/wp-json\/wp\/v2\/types\/page"}],"author":[{"embeddable":true,"href":"https:\/\/elonkirjopuisto.fi\/fi\/wp-json\/wp\/v2\/users\/1"}],"replies":[{"embeddable":true,"href":"https:\/\/elonkirjopuisto.fi\/fi\/wp-json\/wp\/v2\/comments?post=68"}],"version-history":[{"count":21,"href":"https:\/\/elonkirjopuisto.fi\/fi\/wp-json\/wp\/v2\/pages\/68\/revisions"}],"predecessor-version":[{"id":300,"href":"https:\/\/elonkirjopuisto.fi\/fi\/wp-json\/wp\/v2\/pages\/68\/revisions\/300"}],"wp:attachment":[{"href":"https:\/\/elonkirjopuisto.fi\/fi\/wp-json\/wp\/v2\/media?parent=68"}],"curies":[{"name":"wp","href":"https:\/\/api.w.org\/{rel}","templated":true}]}}